{"id":2058,"date":"2018-01-17T16:49:41","date_gmt":"2018-01-17T16:49:41","guid":{"rendered":"http:\/\/www.alamis-onlus.com\/?page_id=2058"},"modified":"2018-02-16T16:19:36","modified_gmt":"2018-02-16T16:19:36","slug":"volontariato","status":"publish","type":"page","link":"https:\/\/www.alamis-odv.com\/pt-br\/come-aiutarci-5\/volontariato\/","title":{"rendered":"Voluntariado"},"content":{"rendered":"<p>[vc_row][vc_column width=&#8221;1\/2&#8243;][vc_column_text]<\/p>\n<h2>O que voc\u00ea pode fazer\u00a0 de voluntariado<\/h2>\n<p align=\"justify\"><strong>A Associa\u00e7\u00e3o n\u00e3o \u00e9 pol\u00edtica<\/strong>.<\/p>\n<p align=\"justify\">ALGUMAS ATIVIDADES PREVISTAS para o per\u00edodo de f\u00e9rias de volunt\u00e1rios em MISS\u00d5ES EXTERNAS (\u00c1frica) das FSCJ<\/p>\n<p align=\"justify\">A dura\u00e7\u00e3o pode ser: curta &#8211; m\u00e9dia \u2013 longa<\/p>\n<ul>\n<li>\n<p align=\"justify\">Escola de corte e costura<\/p>\n<\/li>\n<li>\n<p align=\"justify\">Ajuda em cursos de alfabetiza\u00e7\u00e3o (n\u00edvel prim\u00e1rio)<\/p>\n<\/li>\n<li>\n<p align=\"justify\">Ajuda em cursos de pr\u00e9-alfabetiza\u00e7\u00e3o (atividades cognitivas, recreativas, manuais, recreativas, etc., para crian\u00e7as de 3-7 anos).<\/p>\n<\/li>\n<li>\n<p align=\"justify\">Ajuda no dispens\u00e1rio (pequenas atividades de enfermagem e assist\u00eancia aos doentes)<\/p>\n<\/li>\n<li>\n<p align=\"justify\">Visitas e apoio no atendimento domiciliar de doentes, idosos solit\u00e1rios, doentes mentais, etc.<\/p>\n<\/li>\n<li>\n<p align=\"justify\">Experi\u00eancia com adultos com defici\u00eancia<\/p>\n<\/li>\n<li>\n<p align=\"justify\">Experi\u00eancia com crian\u00e7as com defici\u00eancia<\/p>\n<\/li>\n<li>\n<p align=\"justify\">Anima\u00e7\u00e3o para crian\u00e7as de rua<\/p>\n<\/li>\n<li>\n<p align=\"justify\">Anima\u00e7\u00e3o musical em pequenos grupos na igreja, na miss\u00e3o ou na rua<\/p>\n<\/li>\n<li>\n<p align=\"justify\">Ajuda em atividades de catequese na par\u00f3quia ou na rua<\/p>\n<\/li>\n<li>\n<p align=\"justify\">Pequena colabora\u00e7\u00e3o em atividades de teatro de rua<\/p>\n<\/li>\n<li>\n<p align=\"justify\">Entretenimento recreativo em espa\u00e7os interiores ou exteriores<\/p>\n<\/li>\n<li>\n<p align=\"justify\">Distribui\u00e7\u00e3o de alimentos<\/p>\n<\/li>\n<li>\n<p align=\"justify\">Distribui\u00e7\u00e3o de roupas<\/p>\n<\/li>\n<li>\n<p align=\"justify\">Ajuda em atividades artesanais<\/p>\n<\/li>\n<li>\n<p align=\"justify\">Pequenos trabalhos de restaura\u00e7\u00e3o na miss\u00e3o (pintura, el\u00e9trica ou encanamento, alvenaria, carpintaria em geral)<\/p>\n<\/li>\n<li>\n<p align=\"justify\">Pequenos trabalhos de reparo nas casas dos pobres<\/p>\n<\/li>\n<li>\n<p align=\"justify\">Pequenas atividades culin\u00e1rias<\/p>\n<\/li>\n<li>\n<p align=\"justify\">Trabalhos no jardim<\/p>\n<\/li>\n<li>Ajuda no cuidado com a cria\u00e7\u00e3o de animais de pequeno porte<\/li>\n<li>\n<p align=\"justify\">Ajuda em casa (cozinha, lavanderia, etc.)<\/p>\n<\/li>\n<\/ul>\n<p>[\/vc_column_text][vc_column_text][\/vc_column_text][\/vc_column][vc_column width=&#8221;1\/2&#8243; css=&#8221;.vc_custom_1508159312333{padding-top: 260px !important;}&#8221;][vc_single_image image=&#8221;1443&#8243; img_size=&#8221;large&#8221;][\/vc_column][\/vc_row]<\/p>\n","protected":false},"excerpt":{"rendered":"<p>[vc_row][vc_column width=&#8221;1\/2&#8243;][vc_column_text] O que voc\u00ea pode fazer\u00a0 de voluntariado A Associa\u00e7\u00e3o n\u00e3o \u00e9 pol\u00edtica. ALGUMAS ATIVIDADES PREVISTAS para o per\u00edodo de f\u00e9rias de volunt\u00e1rios em MISS\u00d5ES EXTERNAS (\u00c1frica) das FSCJ A dura\u00e7\u00e3o pode ser: curta &#8211; m\u00e9dia \u2013 longa Escola de corte e costura Ajuda em cursos de alfabetiza\u00e7\u00e3o (n\u00edvel prim\u00e1rio) Ajuda em cursos de [&hellip;]<\/p>\n","protected":false},"author":2,"featured_media":0,"parent":2051,"menu_order":3,"comment_status":"closed","ping_status":"closed","template":"","meta":{"_monsterinsights_skip_tracking":false,"_monsterinsights_sitenote_active":false,"_monsterinsights_sitenote_note":"","_monsterinsights_sitenote_category":0,"footnotes":""},"_links":{"self":[{"href":"https:\/\/www.alamis-odv.com\/pt-br\/wp-json\/wp\/v2\/pages\/2058"}],"collection":[{"href":"https:\/\/www.alamis-odv.com\/pt-br\/wp-json\/wp\/v2\/pages"}],"about":[{"href":"https:\/\/www.alamis-odv.com\/pt-br\/wp-json\/wp\/v2\/types\/page"}],"author":[{"embeddable":true,"href":"https:\/\/www.alamis-odv.com\/pt-br\/wp-json\/wp\/v2\/users\/2"}],"replies":[{"embeddable":true,"href":"https:\/\/www.alamis-odv.com\/pt-br\/wp-json\/wp\/v2\/comments?post=2058"}],"version-history":[{"count":6,"href":"https:\/\/www.alamis-odv.com\/pt-br\/wp-json\/wp\/v2\/pages\/2058\/revisions"}],"predecessor-version":[{"id":2941,"href":"https:\/\/www.alamis-odv.com\/pt-br\/wp-json\/wp\/v2\/pages\/2058\/revisions\/2941"}],"up":[{"embeddable":true,"href":"https:\/\/www.alamis-odv.com\/pt-br\/wp-json\/wp\/v2\/pages\/2051"}],"wp:attachment":[{"href":"https:\/\/www.alamis-odv.com\/pt-br\/wp-json\/wp\/v2\/media?parent=2058"}],"curies":[{"name":"wp","href":"https:\/\/api.w.org\/{rel}","templated":true}]}}