{"id":2054,"date":"2018-01-17T16:47:49","date_gmt":"2018-01-17T16:47:49","guid":{"rendered":"http:\/\/www.alamis-onlus.com\/?page_id=2054"},"modified":"2018-02-16T16:38:08","modified_gmt":"2018-02-16T16:38:08","slug":"agevolazioni-fiscali","status":"publish","type":"page","link":"https:\/\/www.alamis-odv.com\/pt-br\/come-aiutarci-5\/agevolazioni-fiscali\/","title":{"rendered":"Concess\u00f5es fiscais"},"content":{"rendered":"<p>[vc_row][vc_column width=&#8221;1\/6&#8243;][\/vc_column][vc_column width=&#8221;2\/3&#8243;][vc_column_text]Voc\u00ea pode escolher deduzir a quantidade de doa\u00e7\u00f5es feitas para Alamis Onlus.<\/p>\n<h3>Para as pessoas f\u00edsicas<\/h3>\n<p>S\u00e3o tr\u00eas poss\u00edbilidades:<\/p>\n<ol>\n<li>De acordo com o art. 15, par\u00e1grafo 1.1 do Decreto presidencial no. 917\/1986, voc\u00ea pode escolher deduzir<sup>1<\/sup> do imposto bruto 26% dos desembolsos de caixa at\u00e9 um valor m\u00e1ximo de 30.000,00 euros.<\/li>\n<li>com base na legisla\u00e7\u00e3o do art. 10, par\u00e1grafo 1, lett. g do D.P.R. n. 917\/86, voc\u00ea pode optar por deduzir<sup>2<\/sup> de sua renda, contribui\u00e7\u00f5es, doa\u00e7\u00f5es e obla\u00e7\u00f5es por um valor n\u00e3o superior a 2% do total declarado de renda.<\/li>\n<li>in base all&#8217;art. 14 del D.L. n. 35\/2005 conv. con L. n. 80\/2005 si possono<span>\u00a0<\/span><a href=\"http:\/\/www.medicisenzafrontiere.it\/sostienici\/informazioni\/agevolazioni-fiscali#deduzioni\"><i>dedurre<sup>2<\/sup><\/i><\/a>dal proprio reddito le liberalit\u00e0, in denaro ed in natura, per un importo non superiore al 10% del reddito complessivo dichiarato e comunque nella misura massima di 70.000 euro annui.<\/li>\n<\/ol>\n<h3>Para as empresas \/ pessoa jur\u00eddica<\/h3>\n<p>S\u00e3o duas possibilidades:<\/p>\n<ol>\n<li>de acordo com o art. 100, par\u00e1grafo 2, lett. h do D.P.R. n. 917\/86 \u00e9 poss\u00edvel deduzir<sup>2<\/sup> doa\u00e7\u00f5es em dinheiro por um valor n\u00e3o superior a 30.000,00 euros ou 2% do sal\u00e1rio anual declarado da empresa.<\/li>\n<li>de acordo com o art. 14 do D.L. n. 35\/2005 conv. com L. n. 80\/2005, pode deduzir<sup>2<\/sup> do seu rendimento as doa\u00e7\u00f5es, em dinheiro e em esp\u00e9cie, por um montante n\u00e3o superior a 10% do total declarado e, em qualquer caso, no valor m\u00e1ximo de 70.000 euros por ano.<\/li>\n<\/ol>\n<p>OBS:<br \/>\n<a name=\"detrazioni\" id=\"detrazioni\"><\/a><sup>1<\/sup><span> as DEDU\u00c7\u00d5ES s\u00e3o os valores que, uma vez calculados os impostos a serem pagos, podem ser subtra\u00eddos a estes, a fim de pagar menos.<\/span><br \/>\n<a name=\"deduzioni\" id=\"deduzioni\"><\/a><sup>2<\/sup><span>\u00a0 as DEDU\u00c7\u00d5ES s\u00e3o as somas que podem ser subtra\u00eddas da renda em que os impostos s\u00e3o calculados.<\/span><\/p>\n<p>&nbsp;<\/p>\n<hr \/>\n<p>Lembramos que:<\/p>\n<p>&nbsp;<\/p>\n<ul>\n<li>o detentor do recibo de imposto \u00e9 a \u00fanica pessoa que pode se beneficiar da dedu\u00e7\u00e3o fiscal.<\/li>\n<li>Os benef\u00edcios fiscais n\u00e3o podem ser combinados entre si.<\/li>\n<li>\u00e9 aconselh\u00e1vel entrar em contato com seu consultor confi\u00e1vel para escolher a f\u00f3rmula que melhor se adapte \u00e0s suas necessidades.<\/li>\n<li>\u00e9 aconselh\u00e1vel manter o recibo, correio ou banco, da sua doa\u00e7\u00e3o. Para doa\u00e7\u00f5es por correio banc\u00e1rio ou postal, cart\u00e3o de cr\u00e9dito, transfer\u00eancia banc\u00e1ria e cheque, o extrato banc\u00e1rio tem um valor de recebimento.<\/li>\n<\/ul>\n<p><b>Alamis\u00a0 \u00e9 uma ONLUS<\/b><span>\u00a0<\/span>(Organiza\u00e7\u00e3o n\u00e3o lucrativa de utilidade social)<span>\u00a0<\/span><b>e uma ONG<\/b>* (Organiza\u00e7\u00e3o n\u00e3o governamental) reconhecida como idonea nos termos da Lei n. 49\/1987.<\/p>\n<ul>\n<li>A lista de &#8220;sujeitos que pediram para acessar o benef\u00edcio de 5 por mil&#8221; est\u00e3o no site\u00a0<a href=\"http:\/\/www1.agenziaentrate.gov.it\/documentazione\/finanziaria\/domanda+5+per+mille\/2017\/motore.htm\" target=\"_blank\" rel=\"noopener\"><strong>Ministero dell&#8217;Economia e delle Finanze<\/strong><\/a><\/li>\n<\/ul>\n<p>Para maiores informa\u00e7\u00f5es contatar a nossa secretaria atrav\u00e9s do e-mail:<a href=\"mailto:segreteria.alamis@gmail.com\">segreteria.alamis@gmail.com<\/a>[\/vc_column_text][\/vc_column][vc_column width=&#8221;1\/6&#8243;][\/vc_column][\/vc_row]<\/p>\n","protected":false},"excerpt":{"rendered":"<p>[vc_row][vc_column width=&#8221;1\/6&#8243;][\/vc_column][vc_column width=&#8221;2\/3&#8243;][vc_column_text]Voc\u00ea pode escolher deduzir a quantidade de doa\u00e7\u00f5es feitas para Alamis Onlus. Para as pessoas f\u00edsicas S\u00e3o tr\u00eas poss\u00edbilidades: De acordo com o art. 15, par\u00e1grafo 1.1 do Decreto presidencial no. 917\/1986, voc\u00ea pode escolher deduzir1 do imposto bruto 26% dos desembolsos de caixa at\u00e9 um valor m\u00e1ximo de 30.000,00 euros. com base [&hellip;]<\/p>\n","protected":false},"author":2,"featured_media":0,"parent":2051,"menu_order":1,"comment_status":"closed","ping_status":"closed","template":"","meta":{"_monsterinsights_skip_tracking":false,"_monsterinsights_sitenote_active":false,"_monsterinsights_sitenote_note":"","_monsterinsights_sitenote_category":0,"footnotes":""},"_links":{"self":[{"href":"https:\/\/www.alamis-odv.com\/pt-br\/wp-json\/wp\/v2\/pages\/2054"}],"collection":[{"href":"https:\/\/www.alamis-odv.com\/pt-br\/wp-json\/wp\/v2\/pages"}],"about":[{"href":"https:\/\/www.alamis-odv.com\/pt-br\/wp-json\/wp\/v2\/types\/page"}],"author":[{"embeddable":true,"href":"https:\/\/www.alamis-odv.com\/pt-br\/wp-json\/wp\/v2\/users\/2"}],"replies":[{"embeddable":true,"href":"https:\/\/www.alamis-odv.com\/pt-br\/wp-json\/wp\/v2\/comments?post=2054"}],"version-history":[{"count":4,"href":"https:\/\/www.alamis-odv.com\/pt-br\/wp-json\/wp\/v2\/pages\/2054\/revisions"}],"predecessor-version":[{"id":2943,"href":"https:\/\/www.alamis-odv.com\/pt-br\/wp-json\/wp\/v2\/pages\/2054\/revisions\/2943"}],"up":[{"embeddable":true,"href":"https:\/\/www.alamis-odv.com\/pt-br\/wp-json\/wp\/v2\/pages\/2051"}],"wp:attachment":[{"href":"https:\/\/www.alamis-odv.com\/pt-br\/wp-json\/wp\/v2\/media?parent=2054"}],"curies":[{"name":"wp","href":"https:\/\/api.w.org\/{rel}","templated":true}]}}