{"id":2051,"date":"2018-01-17T16:47:02","date_gmt":"2018-01-17T16:47:02","guid":{"rendered":"http:\/\/www.alamis-onlus.com\/?page_id=2051"},"modified":"2018-02-15T10:36:06","modified_gmt":"2018-02-15T10:36:06","slug":"come-aiutarci-5","status":"publish","type":"page","link":"https:\/\/www.alamis-odv.com\/pt-br\/come-aiutarci-5\/","title":{"rendered":"Como nos ajudar"},"content":{"rendered":"<p>[vc_row 0=&#8221;&#8221;][vc_column offset=&#8221;vc_col-lg-offset-2 vc_col-lg-8 vc_col-md-offset-1 vc_col-md-10&#8243;][vc_column_text css_animation=&#8221;fadeIn&#8221;]<\/p>\n<h2 style=\"text-align: center;\">&#8220;As crian\u00e7as s\u00e3o ofuturo do mundo, comecemos com as crian\u00e7as.&#8221;<\/h2>\n<p>[\/vc_column_text][\/vc_column][\/vc_row][vc_row css=&#8221;.vc_custom_1498442365863{padding-top: 34px !important;}&#8221;][vc_column css_animation=&#8221;fadeInLeft&#8221; offset=&#8221;vc_col-lg-6 vc_col-md-6&#8243; css=&#8221;.vc_custom_1498442880864{margin-top: -39px !important;margin-bottom: 35px !important;}&#8221;][vc_column_text css_animation=&#8221;none&#8221; css=&#8221;.vc_custom_1518690118513{margin-bottom: 20px !important;}&#8221;]<\/p>\n<h2><span style=\"font-weight: normal;\">Como pode\u00a0<strong>nos ajudar<\/strong><\/span>?<\/h2>\n<p>[\/vc_column_text][vc_column_text 0=&#8221;&#8221;]As doa\u00e7\u00f5es privadas (indiv\u00edduos e empresas) s\u00e3o a for\u00e7a vital de Alamis Onlus porque representam mais de 99% dos fundos arrecadados. \u00c9 gra\u00e7as ao compromisso e \u00e0 generosidade dos doadores que nossas miss\u00f5es em todo o mundo podem salvar milhares de vidas todos os dias.<\/p>\n<p>Mas ainda h\u00e1 muito a fazer, ent\u00e3o pedimos que voc\u00ea se junte a n\u00f3s. Descubra como apoiar nossas atividades e quais s\u00e3o os benef\u00edcios fiscais para as doa\u00e7\u00f5es feitas para Alamis Onlus.<\/p>\n<p><a href=\"http:\/\/www.alamis-odv.com\/dona-ora\/\"><strong>FA\u00c7A A SUA DOA\u00c7\u00c3O<\/strong><\/a>[\/vc_column_text][cms_button values=&#8221;%5B%7B%22btn_type%22%3A%22simple%22%2C%22button_link%22%3A%22url%3Ahttp%253A%252F%252Falamis-odv.com%252Fdona-ora%252F%7Ctitle%3ADona%2520ora%7C%7C%22%7D%5D&#8221;][\/vc_column][vc_column css_animation=&#8221;fadeInRight&#8221; offset=&#8221;vc_col-lg-6 vc_col-md-6&#8243;][vc_images_carousel images=&#8221;288,128,134&#8243; img_size=&#8221;555&#215;420&#8243; onclick=&#8221;link_no&#8221; autoplay=&#8221;yes&#8221; wrap=&#8221;yes&#8221; css_animation=&#8221;none&#8221;][\/vc_column][\/vc_row]<\/p>\n","protected":false},"excerpt":{"rendered":"<p>[vc_row 0=&#8221;&#8221;][vc_column offset=&#8221;vc_col-lg-offset-2 vc_col-lg-8 vc_col-md-offset-1 vc_col-md-10&#8243;][vc_column_text css_animation=&#8221;fadeIn&#8221;] &#8220;As crian\u00e7as s\u00e3o ofuturo do mundo, comecemos com as crian\u00e7as.&#8221; [\/vc_column_text][\/vc_column][\/vc_row][vc_row css=&#8221;.vc_custom_1498442365863{padding-top: 34px !important;}&#8221;][vc_column css_animation=&#8221;fadeInLeft&#8221; offset=&#8221;vc_col-lg-6 vc_col-md-6&#8243; css=&#8221;.vc_custom_1498442880864{margin-top: -39px !important;margin-bottom: 35px !important;}&#8221;][vc_column_text css_animation=&#8221;none&#8221; css=&#8221;.vc_custom_1518690118513{margin-bottom: 20px !important;}&#8221;] Como pode\u00a0nos ajudar? [\/vc_column_text][vc_column_text 0=&#8221;&#8221;]As doa\u00e7\u00f5es privadas (indiv\u00edduos e empresas) s\u00e3o a for\u00e7a vital de Alamis Onlus porque representam mais de 99% [&hellip;]<\/p>\n","protected":false},"author":2,"featured_media":0,"parent":0,"menu_order":2,"comment_status":"closed","ping_status":"closed","template":"","meta":{"_monsterinsights_skip_tracking":false,"_monsterinsights_sitenote_active":false,"_monsterinsights_sitenote_note":"","_monsterinsights_sitenote_category":0,"footnotes":""},"_links":{"self":[{"href":"https:\/\/www.alamis-odv.com\/pt-br\/wp-json\/wp\/v2\/pages\/2051"}],"collection":[{"href":"https:\/\/www.alamis-odv.com\/pt-br\/wp-json\/wp\/v2\/pages"}],"about":[{"href":"https:\/\/www.alamis-odv.com\/pt-br\/wp-json\/wp\/v2\/types\/page"}],"author":[{"embeddable":true,"href":"https:\/\/www.alamis-odv.com\/pt-br\/wp-json\/wp\/v2\/users\/2"}],"replies":[{"embeddable":true,"href":"https:\/\/www.alamis-odv.com\/pt-br\/wp-json\/wp\/v2\/comments?post=2051"}],"version-history":[{"count":6,"href":"https:\/\/www.alamis-odv.com\/pt-br\/wp-json\/wp\/v2\/pages\/2051\/revisions"}],"predecessor-version":[{"id":2930,"href":"https:\/\/www.alamis-odv.com\/pt-br\/wp-json\/wp\/v2\/pages\/2051\/revisions\/2930"}],"wp:attachment":[{"href":"https:\/\/www.alamis-odv.com\/pt-br\/wp-json\/wp\/v2\/media?parent=2051"}],"curies":[{"name":"wp","href":"https:\/\/api.w.org\/{rel}","templated":true}]}}