{"id":1991,"date":"2018-01-17T15:46:49","date_gmt":"2018-01-17T15:46:49","guid":{"rendered":"http:\/\/www.alamis-onlus.com\/?page_id=1991"},"modified":"2022-04-08T16:48:47","modified_gmt":"2022-04-08T16:48:47","slug":"home","status":"publish","type":"page","link":"https:\/\/www.alamis-odv.com\/pt-br\/","title":{"rendered":"Home"},"content":{"rendered":"<p>[vc_row css=&#8221;.vc_custom_1508166024764{margin-bottom: 0px !important;padding-bottom: 0px !important;}&#8221;][vc_column][rev_slider_vc alias=&#8221;homebr&#8221;][\/vc_column][\/vc_row][vc_row full_width=&#8221;stretch_row&#8221; css=&#8221;.vc_custom_1508166148205{margin-top: 0px !important;padding-top: 0px !important;padding-bottom: 40px !important;background-color: #1db3e7 !important;}&#8221;][vc_column width=&#8221;1\/2&#8243;][vc_custom_heading text=&#8221;Ajude a vida de uma crian\u00e7a&#8221; use_theme_fonts=&#8221;yes&#8221;][vc_custom_heading text=&#8221;Ajuda-nos a transformar a vida em todo o mundo!&#8221; font_container=&#8221;tag:p|font_size:18px|text_align:left|line_height:1.2&#8243; use_theme_fonts=&#8221;yes&#8221;][\/vc_column][vc_column width=&#8221;1\/2&#8243;][cms_button values=&#8221;%5B%7B%22btn_type%22%3A%22btn%20btn-primary%22%2C%22button_link%22%3A%22url%3Ahttp%253A%252F%252Falamis-odv.com%252Fdona-ora%252F%7Ctitle%3AFa%25C3%25A7a%2520uma%2520doa%25C3%25A7%25C3%25A3o%7C%7C%22%7D%5D&#8221;][\/vc_column][\/vc_row][vc_row][vc_column offset=&#8221;vc_col-lg-offset-2 vc_col-lg-8 vc_col-md-offset-1 vc_col-md-10&#8243;][vc_column_text css_animation=&#8221;fadeIn&#8221;]<\/p>\n<h2 style=\"text-align: center;\">&#8220;As crian\u00e7as s\u00e3o o futuro do mundo&#8221;<\/h2>\n<p>[\/vc_column_text][\/vc_column][\/vc_row][vc_row css=&#8221;.vc_custom_1498442365863{padding-top: 34px !important;}&#8221;][vc_column css_animation=&#8221;fadeInLeft&#8221; offset=&#8221;vc_col-lg-8 vc_col-md-8&#8243; css=&#8221;.vc_custom_1507661376812{margin-top: 39px !important;margin-bottom: 35px !important;}&#8221;][vc_custom_heading text=&#8221;Onde estamos&#8230;&#8221; font_container=&#8221;tag:h2|font_size:24px|text_align:left|color:%23fbb122|line_height:1.5&#8243; use_theme_fonts=&#8221;yes&#8221;][vc_column_text css_animation=&#8221;none&#8221; css=&#8221;.vc_custom_1516205705506{margin-bottom: 20px !important;}&#8221;]<\/p>\n<h1>Junt@s aos mais fragilizados em 18 pa\u00edses<\/h1>\n<p>[\/vc_column_text][vc_row_inner][vc_column_inner width=&#8221;1\/2&#8243;][cms_fancybox_single title=&#8221;Educa\u00e7\u00e3o&#8221; icon_fontawesome=&#8221;fa fa-graduation-cap&#8221; icon_size=&#8221;49&#8243; layout_mode=&#8221;3&#8243; cms_template=&#8221;cms_fancybox_single.php&#8221;][\/vc_column_inner][vc_column_inner width=&#8221;1\/2&#8243;][cms_fancybox_single title=&#8221;Sa\u00fade&#8221; icon_fontawesome=&#8221;fa fa-star&#8221; icon_size=&#8221;49&#8243; layout_mode=&#8221;3&#8243; cms_template=&#8221;cms_fancybox_single.php&#8221;][\/vc_column_inner][\/vc_row_inner][vc_row_inner][vc_column_inner width=&#8221;1\/2&#8243;][cms_fancybox_single title=&#8221;Voluntariado&#8221; icon_fontawesome=&#8221;fa fa-heart&#8221; icon_size=&#8221;49&#8243; layout_mode=&#8221;3&#8243; cms_template=&#8221;cms_fancybox_single.php&#8221;][\/vc_column_inner][vc_column_inner width=&#8221;1\/2&#8243;][cms_fancybox_single title=&#8221;Ado\u00e7\u00f5es&#8221; icon_fontawesome=&#8221;fa fa-odnoklassniki&#8221; icon_size=&#8221;49&#8243; layout_mode=&#8221;3&#8243; cms_template=&#8221;cms_fancybox_single.php&#8221;][\/vc_column_inner][\/vc_row_inner][\/vc_column][vc_column css_animation=&#8221;fadeInRight&#8221; offset=&#8221;vc_col-lg-4 vc_col-md-4&#8243;][vc_single_image image=&#8221;2746&#8243; img_size=&#8221;full&#8221; add_caption=&#8221;yes&#8221; alignment=&#8221;center&#8221;][\/vc_column][\/vc_row][vc_row][vc_column css=&#8221;.vc_custom_1498442961019{padding-top: 5px !important;padding-bottom: 35px !important;}&#8221;][vc_separator color=&#8221;orange&#8221; style=&#8221;dashed&#8221; border_width=&#8221;2&#8243; el_width=&#8221;70&#8243; css=&#8221;.vc_custom_1507668606060{padding-bottom: 50px !important;}&#8221;][vc_column_text]<\/p>\n<h2 style=\"text-align: center;\">Pode nos ajudar?<\/h2>\n<p>[\/vc_column_text][\/vc_column][vc_column width=&#8221;1\/2&#8243; offset=&#8221;vc_col-lg-offset-0 vc_col-lg-4 vc_col-md-offset-0 vc_col-md-4 vc_col-sm-offset-0&#8243; css=&#8221;.vc_custom_1498443022387{margin-bottom: 30px !important;}&#8221;][cms_fancybox_single title=&#8221;Fa\u00e7a um gesto de generosidade&#8221; description=&#8221;Fa\u00e7a um gesto de generosidade a estas crian\u00e7as &#8230;&#8221; button_link=&#8221;url:http%3A%2F%2Falamis-odv.com%2Fdona-ora%2F|title:Send%20Gift||&#8221; icon_fontawesome=&#8221;fa fa-gift&#8221; css=&#8221;.vc_custom_1516206006046{background-image: url(http:\/\/charityplus.spyropress.com\/demo-1\/wp-content\/uploads\/2017\/06\/photo-1444840535719-195841cb6e2b-870&#215;450.jpg?id=147) !important;background-position: center !important;background-repeat: no-repeat !important;background-size: cover !important;}&#8221; cms_template=&#8221;cms_fancybox_single.php&#8221;][\/vc_column][vc_column width=&#8221;1\/2&#8243; offset=&#8221;vc_col-lg-offset-0 vc_col-lg-4 vc_col-md-offset-0 vc_col-md-4 vc_col-sm-offset-0&#8243; css=&#8221;.vc_custom_1498443027404{margin-bottom: 30px !important;}&#8221;][cms_fancybox_single title=&#8221;Seja um volunt\u00e1rio&#8221; description=&#8221;Ser Volunt\u00e1rio nos faz felizes!&#8221; button_link=&#8221;url:http%3A%2F%2Falamis-odv.com%2Fdona-ora%2F|title:Join%20Us||&#8221; icon_fontawesome=&#8221;fa fa-heart-o&#8221; css=&#8221;.vc_custom_1516207412819{background-image: url(http:\/\/charityplus.spyropress.com\/demo-1\/wp-content\/uploads\/2017\/06\/shutterstock_267876770_huge-870&#215;450.jpg?id=184) !important;background-position: center !important;background-repeat: no-repeat !important;background-size: cover !important;}&#8221; cms_template=&#8221;cms_fancybox_single.php&#8221;][\/vc_column][vc_column width=&#8221;1\/2&#8243; offset=&#8221;vc_col-lg-offset-0 vc_col-lg-4 vc_col-md-offset-0 vc_col-md-4 vc_col-sm-offset-3&#8243; css=&#8221;.vc_custom_1498443032422{margin-bottom: 30px !important;}&#8221;][cms_fancybox_single title=&#8221;Fa\u00e7a doa\u00e7\u00f5es&#8221; description=&#8221;A sua contribui\u00e7\u00e3o nos permite de atuar de maneira independente e eficaz em todos os pa\u00edses que estamos presente.&#8221; button_link=&#8221;url:http%3A%2F%2Falamis-odv.com%2Fdona-ora%2F|title:Make%20Donate||&#8221; icon_fontawesome=&#8221;fa fa-money&#8221; css=&#8221;.vc_custom_1516207563809{background-image: url(http:\/\/charityplus.spyropress.com\/demo-1\/wp-content\/uploads\/2017\/06\/B_03.jpg?id=110) !important;background-position: center !important;background-repeat: no-repeat !important;background-size: cover !important;}&#8221; cms_template=&#8221;cms_fancybox_single.php&#8221;][\/vc_column][\/vc_row][vc_row][vc_column][vc_separator color=&#8221;orange&#8221; style=&#8221;dashed&#8221; border_width=&#8221;2&#8243; el_width=&#8221;70&#8243; css=&#8221;.vc_custom_1507668606060{padding-bottom: 50px !important;}&#8221;][cms_news layout_mode=&#8221;2&#8243; cms_template=&#8221;cms_news.php&#8221;][\/vc_column][\/vc_row]<\/p>\n","protected":false},"excerpt":{"rendered":"<p>[vc_row css=&#8221;.vc_custom_1508166024764{margin-bottom: 0px !important;padding-bottom: 0px !important;}&#8221;][vc_column][rev_slider_vc alias=&#8221;homebr&#8221;][\/vc_column][\/vc_row][vc_row full_width=&#8221;stretch_row&#8221; css=&#8221;.vc_custom_1508166148205{margin-top: 0px !important;padding-top: 0px !important;padding-bottom: 40px !important;background-color: #1db3e7 !important;}&#8221;][vc_column width=&#8221;1\/2&#8243;][vc_custom_heading text=&#8221;Ajude a vida de uma crian\u00e7a&#8221; use_theme_fonts=&#8221;yes&#8221;][vc_custom_heading text=&#8221;Ajuda-nos a transformar a vida em todo o mundo!&#8221; font_container=&#8221;tag:p|font_size:18px|text_align:left|line_height:1.2&#8243; use_theme_fonts=&#8221;yes&#8221;][\/vc_column][vc_column width=&#8221;1\/2&#8243;][cms_button values=&#8221;%5B%7B%22btn_type%22%3A%22btn%20btn-primary%22%2C%22button_link%22%3A%22url%3Ahttp%253A%252F%252Falamis-odv.com%252Fdona-ora%252F%7Ctitle%3AFa%25C3%25A7a%2520uma%2520doa%25C3%25A7%25C3%25A3o%7C%7C%22%7D%5D&#8221;][\/vc_column][\/vc_row][vc_row][vc_column offset=&#8221;vc_col-lg-offset-2 vc_col-lg-8 vc_col-md-offset-1 vc_col-md-10&#8243;][vc_column_text css_animation=&#8221;fadeIn&#8221;] &#8220;As crian\u00e7as s\u00e3o o futuro do mundo&#8221; [\/vc_column_text][\/vc_column][\/vc_row][vc_row css=&#8221;.vc_custom_1498442365863{padding-top: 34px !important;}&#8221;][vc_column css_animation=&#8221;fadeInLeft&#8221; [&hellip;]<\/p>\n","protected":false},"author":2,"featured_media":0,"parent":0,"menu_order":0,"comment_status":"closed","ping_status":"closed","template":"","meta":{"_monsterinsights_skip_tracking":false,"_monsterinsights_sitenote_active":false,"_monsterinsights_sitenote_note":"","_monsterinsights_sitenote_category":0,"footnotes":""},"_links":{"self":[{"href":"https:\/\/www.alamis-odv.com\/pt-br\/wp-json\/wp\/v2\/pages\/1991"}],"collection":[{"href":"https:\/\/www.alamis-odv.com\/pt-br\/wp-json\/wp\/v2\/pages"}],"about":[{"href":"https:\/\/www.alamis-odv.com\/pt-br\/wp-json\/wp\/v2\/types\/page"}],"author":[{"embeddable":true,"href":"https:\/\/www.alamis-odv.com\/pt-br\/wp-json\/wp\/v2\/users\/2"}],"replies":[{"embeddable":true,"href":"https:\/\/www.alamis-odv.com\/pt-br\/wp-json\/wp\/v2\/comments?post=1991"}],"version-history":[{"count":16,"href":"https:\/\/www.alamis-odv.com\/pt-br\/wp-json\/wp\/v2\/pages\/1991\/revisions"}],"predecessor-version":[{"id":5959,"href":"https:\/\/www.alamis-odv.com\/pt-br\/wp-json\/wp\/v2\/pages\/1991\/revisions\/5959"}],"wp:attachment":[{"href":"https:\/\/www.alamis-odv.com\/pt-br\/wp-json\/wp\/v2\/media?parent=1991"}],"curies":[{"name":"wp","href":"https:\/\/api.w.org\/{rel}","templated":true}]}}