{"id":1854,"date":"2018-01-16T09:41:59","date_gmt":"2018-01-16T09:41:59","guid":{"rendered":"http:\/\/www.alamis-onlus.com\/?page_id=1854"},"modified":"2018-04-17T13:58:07","modified_gmt":"2018-04-17T13:58:07","slug":"volontariato","status":"publish","type":"page","link":"https:\/\/www.alamis-odv.com\/fr\/come-aiutarci-2\/volontariato\/","title":{"rendered":"Volontaire"},"content":{"rendered":"<p>[vc_row][vc_column width=\u00a0\u00bb1\/2&Prime;][vc_column_text]<\/p>\n<h2>Ce que vous pouvez faire dans le b\u00e9n\u00e9volat<\/h2>\n<p>L&rsquo;association est non-politique.<\/p>\n<p><strong>QUELQUES ACTIVIT\u00c9S PR\u00c9VUES POUR LES MISSIONS EXT\u00c9RIEURES DES CHAMPS D&rsquo;\u00c9T\u00c9 de la FSCJ<\/strong><\/p>\n<p>La dur\u00e9e peut \u00eatre: courte &#8211; moyenne &#8211; longue<\/p>\n<ul>\n<li>\u00c9cole de coupe et de couture<\/li>\n<li>Aide aux cours d&rsquo;alphab\u00e9tisation (niveau \u00e9l\u00e9mentaire)<\/li>\n<li>Aide aux cours de pr\u00e9-alphab\u00e9tisation (activit\u00e9s cognitives, r\u00e9cr\u00e9atives, manuelles, r\u00e9cr\u00e9atives, etc., pour les enfants de 3 \u00e0 7 ans)<\/li>\n<li>Aide au dispensaire (petites activit\u00e9s de soins et assistance aux malades)<\/li>\n<li>Visiter et aider les soins \u00e0 domicile de certains malades, personnes \u00e2g\u00e9es seules, malades mentaux, etc.<\/li>\n<li>Exp\u00e9rience avec des adultes handicap\u00e9s<\/li>\n<li>Exp\u00e9rience avec des enfants handicap\u00e9s<\/li>\n<li>Animation pour les enfants des rues<\/li>\n<li>Animation musicale en petits groupes dans l&rsquo;\u00e9glise, dans la mission ou dans la rue<\/li>\n<li>Aide aux activit\u00e9s cat\u00e9ch\u00e9tiques dans la paroisse ou dans la rue petite collaboration dans les activit\u00e9s de th\u00e9\u00e2tre de rue<\/li>\n<li>Divertissement r\u00e9cr\u00e9atif dans les espaces int\u00e9rieurs ou ext\u00e9rieurs<\/li>\n<li>Distribution de nourriture<\/li>\n<li>Distribution de v\u00eatements<\/li>\n<li>Aide aux activit\u00e9s artisanales<\/li>\n<li>Petits travaux de restauration dans la mission (peinture, \u00e9lectricit\u00e9 ou plomberie, ma\u00e7onnerie, menuiserie, bricolage en g\u00e9n\u00e9ral)<\/li>\n<li>Petit travail de restauration dans les maisons des pauvres<\/li>\n<li>Petites activit\u00e9s de cuisine<\/li>\n<li>Petits travaux dans le jardin<\/li>\n<li>Aide dans la maison de poulet<\/li>\n<li>Aide \u00e0 la maison (cuisine, blanchisserie, etc ..)<\/li>\n<\/ul>\n<p>[\/vc_column_text][\/vc_column][vc_column width=\u00a0\u00bb1\/2&Prime; css=\u00a0\u00bb.vc_custom_1508159312333{padding-top: 260px !important;}\u00a0\u00bb][vc_single_image image=\u00a0\u00bb1443&Prime; img_size=\u00a0\u00bblarge\u00a0\u00bb][\/vc_column][\/vc_row]<\/p>\n","protected":false},"excerpt":{"rendered":"<p>[vc_row][vc_column width=\u00a0\u00bb1\/2&Prime;][vc_column_text] Ce que vous pouvez faire dans le b\u00e9n\u00e9volat L&rsquo;association est non-politique. QUELQUES ACTIVIT\u00c9S PR\u00c9VUES POUR LES MISSIONS EXT\u00c9RIEURES DES CHAMPS D&rsquo;\u00c9T\u00c9 de la FSCJ La dur\u00e9e peut \u00eatre: courte &#8211; moyenne &#8211; longue \u00c9cole de coupe et de couture Aide aux cours d&rsquo;alphab\u00e9tisation (niveau \u00e9l\u00e9mentaire) Aide aux cours de pr\u00e9-alphab\u00e9tisation (activit\u00e9s cognitives, r\u00e9cr\u00e9atives, [&hellip;]<\/p>\n","protected":false},"author":2,"featured_media":0,"parent":1846,"menu_order":3,"comment_status":"closed","ping_status":"closed","template":"","meta":{"_monsterinsights_skip_tracking":false,"_monsterinsights_sitenote_active":false,"_monsterinsights_sitenote_note":"","_monsterinsights_sitenote_category":0,"footnotes":""},"_links":{"self":[{"href":"https:\/\/www.alamis-odv.com\/fr\/wp-json\/wp\/v2\/pages\/1854"}],"collection":[{"href":"https:\/\/www.alamis-odv.com\/fr\/wp-json\/wp\/v2\/pages"}],"about":[{"href":"https:\/\/www.alamis-odv.com\/fr\/wp-json\/wp\/v2\/types\/page"}],"author":[{"embeddable":true,"href":"https:\/\/www.alamis-odv.com\/fr\/wp-json\/wp\/v2\/users\/2"}],"replies":[{"embeddable":true,"href":"https:\/\/www.alamis-odv.com\/fr\/wp-json\/wp\/v2\/comments?post=1854"}],"version-history":[{"count":4,"href":"https:\/\/www.alamis-odv.com\/fr\/wp-json\/wp\/v2\/pages\/1854\/revisions"}],"predecessor-version":[{"id":3270,"href":"https:\/\/www.alamis-odv.com\/fr\/wp-json\/wp\/v2\/pages\/1854\/revisions\/3270"}],"up":[{"embeddable":true,"href":"https:\/\/www.alamis-odv.com\/fr\/wp-json\/wp\/v2\/pages\/1846"}],"wp:attachment":[{"href":"https:\/\/www.alamis-odv.com\/fr\/wp-json\/wp\/v2\/media?parent=1854"}],"curies":[{"name":"wp","href":"https:\/\/api.w.org\/{rel}","templated":true}]}}