{"id":1848,"date":"2018-01-16T09:36:31","date_gmt":"2018-01-16T09:36:31","guid":{"rendered":"http:\/\/www.alamis-onlus.com\/?page_id=1848"},"modified":"2018-04-17T14:00:19","modified_gmt":"2018-04-17T14:00:19","slug":"agevolazioni-fiscali","status":"publish","type":"page","link":"https:\/\/www.alamis-odv.com\/fr\/come-aiutarci-2\/agevolazioni-fiscali\/","title":{"rendered":"Avantages fiscaux"},"content":{"rendered":"<p>[vc_row][vc_column width=\u00a0\u00bb1\/6&Prime;][\/vc_column][vc_column width=\u00a0\u00bb2\/3&Prime;][vc_column_text]<\/p>\n<p>Vous pouvez choisir de d\u00e9duire ou de d\u00e9duire le montant des dons faits \u00e0 Alamis Onlus.<\/p>\n<p>Pour les personnes physiques<br \/>\nIl y a trois possibilit\u00e9s:<\/p>\n<p>Selon l&rsquo;art. 15, paragraphe 1.1 du d\u00e9cret pr\u00e9sidentiel no. 917\/1986 vous pouvez choisir de d\u00e9duire 1 de la taxe brute 26% des d\u00e9caissements jusqu&rsquo;\u00e0 un montant maximum de 30.000,00 euros.<br \/>\nsur la base de la l\u00e9gislation de l&rsquo;art. 10, paragraphe 1, let. g du D.P.R. n. 917\/86 vous pouvez choisir de d\u00e9duire2 de vos revenus, contributions, dons et dons pour un montant n&rsquo;exc\u00e9dant pas 2% du revenu d\u00e9clar\u00e9 total.<br \/>\nselon l&rsquo;art. 14 du D.L. n. 35\/2005 conv. avec L. n. 80\/2005 on peut d\u00e9duire de ses revenus les dons, en esp\u00e8ces et en nature, pour un montant n&rsquo;exc\u00e9dant pas 10% du total des revenus d\u00e9clar\u00e9s et en tout cas au montant maximum de 70.000 euros par an.<br \/>\nPour les entreprises<br \/>\nIl y a deux possibilit\u00e9s:<\/p>\n<p>selon l&rsquo;art. 100, paragraphe 2, let. h du D.P.R. n. 917\/86, il est possible de d\u00e9duire 2 dons en esp\u00e8ces pour un montant n&rsquo;exc\u00e9dant pas 30.000,00 euros ou 2% du revenu d&rsquo;entreprise annuel d\u00e9clar\u00e9.<br \/>\nselon l&rsquo;art. 14 du D.L. n. 35\/2005 conv. avec L. n. 80\/2005 on peut d\u00e9duire de ses revenus les dons, en esp\u00e8ces et en nature, pour un montant n&rsquo;exc\u00e9dant pas 10% du total des revenus d\u00e9clar\u00e9s et en tout cas au montant maximum de 70.000 euros par an.<br \/>\nNOTES:<br \/>\n1 les D\u00c9DUCTIONS sont les sommes qui, une fois calcul\u00e9es les taxes \u00e0 payer, peuvent \u00eatre soustraites de celles-ci, afin de payer moins.<br \/>\n2 LES D\u00c9DUCTIONS sont les sommes qui peuvent \u00eatre soustraites du revenu sur lequel les imp\u00f4ts sont calcul\u00e9s.<\/p>\n<p>Nous vous rappelons que:<\/p>\n<p>le d\u00e9tenteur du re\u00e7u d&rsquo;imp\u00f4t est la seule personne qui peut b\u00e9n\u00e9ficier de la d\u00e9duction \/ d\u00e9duction fiscale.<br \/>\nles avantages fiscaux ne peuvent pas \u00eatre combin\u00e9s les uns avec les autres.<br \/>\nIl est pr\u00e9f\u00e9rable de contacter votre conseiller de confiance pour choisir la formule qui correspond le mieux \u00e0 vos besoins.<br \/>\nil est conseill\u00e9 de conserver le re\u00e7u, postal ou bancaire, de votre don. Pour les dons par virement bancaire ou postal, carte de cr\u00e9dit, virement bancaire et ch\u00e8que, le relev\u00e9 bancaire a une valeur de re\u00e7u.<br \/>\nAlamis est une ONLUS (Organisation \u00e0 But Non Lucratif d&rsquo;Utilit\u00e9 Sociale) et une ONG * (Organisation Non Gouvernementale) d\u00e9j\u00e0 reconnue comme appropri\u00e9e par la Loi n. 49\/1987.<\/p>\n<p>La liste des \u00absujets qui ont demand\u00e9 \u00e0 acc\u00e9der au b\u00e9n\u00e9fice de 5 pour mille\u00bb sur le site du minist\u00e8re de l&rsquo;\u00e9conomie et des finances<br \/>\nPour plus d&rsquo;informations contactez notre secr\u00e9tariat de Alamis Onlus email:<\/p>\n<p><a href=\"mailto:segreteria.alamis@gmail.com\">segreteria.alamis@gmail.com<\/a>[\/vc_column_text][\/vc_column][vc_column width=\u00a0\u00bb1\/6&Prime;][\/vc_column][\/vc_row]<\/p>\n","protected":false},"excerpt":{"rendered":"<p>[vc_row][vc_column width=\u00a0\u00bb1\/6&Prime;][\/vc_column][vc_column width=\u00a0\u00bb2\/3&Prime;][vc_column_text] Vous pouvez choisir de d\u00e9duire ou de d\u00e9duire le montant des dons faits \u00e0 Alamis Onlus. Pour les personnes physiques Il y a trois possibilit\u00e9s: Selon l&rsquo;art. 15, paragraphe 1.1 du d\u00e9cret pr\u00e9sidentiel no. 917\/1986 vous pouvez choisir de d\u00e9duire 1 de la taxe brute 26% des d\u00e9caissements jusqu&rsquo;\u00e0 un montant maximum [&hellip;]<\/p>\n","protected":false},"author":2,"featured_media":0,"parent":1846,"menu_order":1,"comment_status":"closed","ping_status":"closed","template":"","meta":{"_monsterinsights_skip_tracking":false,"_monsterinsights_sitenote_active":false,"_monsterinsights_sitenote_note":"","_monsterinsights_sitenote_category":0,"footnotes":""},"_links":{"self":[{"href":"https:\/\/www.alamis-odv.com\/fr\/wp-json\/wp\/v2\/pages\/1848"}],"collection":[{"href":"https:\/\/www.alamis-odv.com\/fr\/wp-json\/wp\/v2\/pages"}],"about":[{"href":"https:\/\/www.alamis-odv.com\/fr\/wp-json\/wp\/v2\/types\/page"}],"author":[{"embeddable":true,"href":"https:\/\/www.alamis-odv.com\/fr\/wp-json\/wp\/v2\/users\/2"}],"replies":[{"embeddable":true,"href":"https:\/\/www.alamis-odv.com\/fr\/wp-json\/wp\/v2\/comments?post=1848"}],"version-history":[{"count":3,"href":"https:\/\/www.alamis-odv.com\/fr\/wp-json\/wp\/v2\/pages\/1848\/revisions"}],"predecessor-version":[{"id":3272,"href":"https:\/\/www.alamis-odv.com\/fr\/wp-json\/wp\/v2\/pages\/1848\/revisions\/3272"}],"up":[{"embeddable":true,"href":"https:\/\/www.alamis-odv.com\/fr\/wp-json\/wp\/v2\/pages\/1846"}],"wp:attachment":[{"href":"https:\/\/www.alamis-odv.com\/fr\/wp-json\/wp\/v2\/media?parent=1848"}],"curies":[{"name":"wp","href":"https:\/\/api.w.org\/{rel}","templated":true}]}}