{"id":1978,"date":"2017-10-03T11:50:08","date_gmt":"2017-10-03T11:50:08","guid":{"rendered":"http:\/\/www.alamis-onlus.com\/?page_id=1978"},"modified":"2018-03-09T19:20:00","modified_gmt":"2018-03-09T19:20:00","slug":"statuto-alamis","status":"publish","type":"page","link":"https:\/\/www.alamis-odv.com\/es\/chi-siamo\/statuto-alamis\/","title":{"rendered":"Estatuto Alamis"},"content":{"rendered":"<p>[vc_row][vc_column width=\u00bb1\/6&#8243;][\/vc_column][vc_column width=\u00bb2\/3&#8243;][vc_column_text]PREMISA AL STATUTO<br \/>\nLos amigos que se reconocen en la espiritualidad \u201cVerzeriana\u201d constituyen una organizaci\u00f3n de mujeres y hombres que, para llegar a la finalidad agregativa, buscan inspirar y perseguir los siguientes \u201clineamientos\u201d de la Congregaci\u00f3n de las Hijas del Sagrado Coraz\u00f3n de Jes\u00fas, fundada en Bergamo en el a\u00f1o de 1831, por Santa Teresa Verzeri, que tiene como cerne, vivir la Caridad del Coraz\u00f3n de Cristo, se\u00f1al de su amor salv\u00edfico a gloria de Dios. (Const. 2).<\/p>\n<p>Las religiosas presentes en varias partes del mundo, sustentadas por el ense\u00f1amiento de la Fundadora, persiguen una vasta obra de evangelizaci\u00f3n, por medio de:<\/p>\n<p>\u2022 La pastoral en las parroquias, educaci\u00f3n\/escol\u00e1stica, social\/sanitaria y asistencial:<br \/>\n\u2022 La atenci\u00f3n a los que sufren;<br \/>\n\u2022 La ayuda a quienes que buscan el encuentro en el silencio y en la oraci\u00f3n;<br \/>\n\u2022 El apostolado entre los pueblos que todav\u00eda no conocen a Cristo.<br \/>\n\u201cPrivilegiando los puestos donde las necesidades son m\u00e1s grandes \u201d (Const. 6), la Congregaci\u00f3n anuncia Cristo que revelando el misterio del Padre y del su Amor, revela tambi\u00e9n, plenamente el hombre (GS.22), est\u00e1 atenta a comprender las necesidades y realidades del hombre contempor\u00e1neo, en la fidelidad al esp\u00edritu de la origen, busca mantener su obra eficiente y transparente su testimonio.<\/p>\n<p>As\u00ed animada, la Congregaci\u00f3n pone cada dedicaci\u00f3n para realizar la colaboraci\u00f3n con los laicos, llamados a hacer presente y activa la Iglesia en aquellos puestos y aquellas circunstancias \u201cen la cual esa no puede hacerse sal de la tierra s\u00ed no por medio de ellos\u201d (LG. 33).<\/p>\n<p>\u201cLa ayuda de ellos\u201d, escrib\u00eda ya la Fundadora, \u201cse presta a aquellas obras a las que ellas (las religiosas) en sus circunstancias no pueden esperar o no pueden en toda esa extensi\u00f3n que ser\u00edan \u00fatiles para haber completado y perfeccionado el fruto\u00bb. (Direcci\u00f3n de vivir bien para los agregados, Roma 1847).\u201d<\/p>\n<p>La congregaci\u00f3n de las Hijas del Sagrado Coraz\u00f3n de Jes\u00fas, en el intento de abrir a los laicos \u201ccualquier medio afinque, segundo sus fuerzas y las necesidades de los tiempos,ellos tambi\u00e9n participan activamente a la obra salv\u00edfica de la Iglesia\u201d (LG.33), ha identificado en la constituci\u00f3n de una asociaci\u00f3n laica, la forma de colaboraci\u00f3n m\u00e1s calificada, ya que en la actividad de este organismo se puede responder a la necesidad com\u00fan de ponerse al servicio del hombre, especialmente aquel herido en su dignidad por ignorancia. de la miseria.<\/p>\n<p>En la organizaci\u00f3n ALAMIS ONLUS, cuyos objetivos est\u00e1n claramente delineados en el siguiente Estatuto, pueden encontrar un \u00e1mbito privilegiado de plena expresi\u00f3n los intentos y las acciones de cuantos desean en uni\u00f3n con la Congregaci\u00f3n, obrar por la edificaci\u00f3n de un mundo en cual el hombre pueda siempre mejor afirmar su elevada dignidad.<\/p>\n<p>ESTATUTO<br \/>\nDenominacion &#8211; Sedes &#8211; Meta<br \/>\nART. 1 &#8211; Constituida la Organizaci\u00f3n asociativa de voluntariado no lucrativa de utilidad social: ALAMIS ONLUS<\/p>\n<p>ART. 2 &#8211; Esa tiene su sede en Roma, via Casilina, 1113, junto al Instituto de las Hijas del Sagrdo Coraz\u00f3n de Jes\u00fas, y podr\u00e1 instituir otras sedes secundarias y direcciones en Italia o en el exterior.<br \/>\nEsa es regida del presente estatuto en obediencia y en el l\u00edmite de cu\u00e1nto establito de la ley n. 266 del 1991 del D. lgs. 460\/1997 y de las normas generales del nuestro ordenamiento jur\u00eddico, se basa en las normas organizativas inspiradas en los principios constitucionales y a los criterios de transparencia administrativa.<\/p>\n<p>ART. 3 &#8211; La Organizaci\u00f3n tiene el objetivo exclusivo de buscar finalidades de solidaridad civiles, sociales, y culturales,: para lograr estos objetivos, desarrolla la propia actividad en el sector de la<\/p>\n<p>asistencia social y de la beneficencia, con particular referimiento a la cooperaci\u00f3n al progreso social, cultural, sanitario, econ\u00f3mico, en las zonas y por poblaciones en pa\u00edses en proceso de desarrollo. Tales finalidades se identifican con la intenci\u00f3n de vivere la perfecta caridad y de ser se\u00f1al del amor salv\u00edfico de Cristo.<\/p>\n<p>Para atingir estos prop\u00f3sitos pre definidos los asociados se proponen:<\/p>\n<ol>\n<li>a) de colaborar con entidades p\u00fablicas y privadas, nacionales e internacionales que tienen el mismo prop\u00f3sito;<\/li>\n<li>b) de recoger fondos materiales para destinar a las poblaciones necesitadas;<\/li>\n<li>c) de identificar urgencias, desarrollar proyectos (alfabetizaci\u00f3n y escuela), orientar y perfeccionar pr\u00e1cticas necesarias para obtener leg\u00edtimos financiamientos junto a instituciones nacionales e internacionales \u00fatiles a realizar, junto a poblaciones carentes, intervenciones de promociones.<\/li>\n<li>d) de promover el servicio de voluntariado, con la relativa formaci\u00f3n del personal, y de otras posibilidades de prestaci\u00f3n de servicio de personas dispuestas a dar su colaboraci\u00f3n \u201cin loco\u201d a tiempo determinado o indeterminado;<\/li>\n<li>e) \u00a0de organizar eventuales visitas a los socios en las zonas de actividades para un mayor participaci\u00f3n;<\/li>\n<li>f) de colaborar con institutos universitarios, con las escuelas de especializaciones, con sociedades cient\u00edficas y m\u00e9dicos con el prop\u00f3sito de sensibilizar y preparar personas disponibles para realizar un servicio de cooperaci\u00f3n;<\/li>\n<li>\u00a0g) de promover otras actividades que puedan concurrir al logro del prop\u00f3sito de la organizaci\u00f3n; propagar el conocimiento para ampliar la participaci\u00f3n.<\/li>\n<\/ol>\n<p>Esa obra de modo espec\u00edfico, con prestaci\u00f3n no ocasional de voluntariado activo y directo voltado a la generalidad de la poblaci\u00f3n. Los adherentes prestan su servicio de modo personal, espont\u00e1neo y gratuito y no tienen derecho a ning\u00fan pago, o compensaci\u00f3n por la actividad desarrollada, sino al reembolso de los gastos efectivamente sostenidos en los l\u00edmites de quanto establito de la Organizaci\u00f3n misma, o de la ley. La Organizaci\u00f3n asociativa es apol\u00edtica.<br \/>\nASSOCIADOS:<br \/>\nART. 4 &#8211; Son Associados, las personas o entes a las cuales los pedidos de admisi\u00f3n ser\u00e1n aceptos por el Consejo y que har\u00e1n su contribuci\u00f3n, al acto de la admisi\u00f3n, de la cuota de participaci\u00f3n que ser\u00e1 anualmente establecida por el Consejo. En particular, al definitivo juicio del Consejo Directivo, podr\u00e1n tornarse Associados exclusivamente, personas o entes que hayan demostrado una conducta de vida y profesional de reflejada moralidad, que no se encuentren en sanci\u00f3n penal o disciplinaria de ning\u00fan g\u00e9nero, y de las cuales las actividades se revelan constantemente inclinadas fuertemente hacia un verdadero sentido de solidaridad, caridad y justicia. Los asociados que no tengan presentado por escrito sus renuncias hasta el 31 de octubre de cada a\u00f1o ser\u00e1n considerados todav\u00eda miembros de la organizaci\u00f3n, tambi\u00e9n por el ano sucesivo, y ser\u00e1n obligados a cancelar la cuota anual de participaci\u00f3n.<br \/>\nEst\u00e1 prohibida la distribuci\u00f3n de materiales o restos de gesti\u00f3n, siendo m\u00e1s bien obligados de invertir todo lo que se dispone en la realizaci\u00f3n de las actividades institucionales y de aquellas directamente ligadas a la Organizaci\u00f3n.<\/p>\n<p>El patrimonio de la Asociaci\u00f3n, en caso de disoluci\u00f3n por cualquier causa, ser\u00e1 devuelto a otras organizaciones no lucrativas de actividades sociales o a una finalidad de utilidad p\u00fablica, conforme el art. 10 par. 1 letra f del DLGS 460\/97.<\/p>\n<p>ART. 5 &#8211; Los Asociados se distinguen en:<br \/>\nSocios Ordinarios: las personas o entes que vienen admitidos seguidos de la presentaci\u00f3n adecuada del pedido de admisi\u00f3n, como especificado arriba en el art. 4, y participan de la vida de la Organizaci\u00f3n con dedicaci\u00f3n personal y aprueban la cuota anual de participaci\u00f3n establecida por el Consejo Directivo;<\/p>\n<p>Socios Fundadores: aquellos que son en los actos constitutivos de la Organizaci\u00f3n o que a\u00f1aden a la Organizaci\u00f3n en los tres primeros d\u00edas desde la fecha de la constituci\u00f3n;<\/p>\n<p>Socios Honorarios: las personas o entes con particular m\u00e9ritos conquistados en el confronto con la Organizaci\u00f3n; estos socios no pagan las cuotas de los socios;<\/p>\n<p>Socios Partidarios: aquellos que persiguen la finalidad de la Organizaci\u00f3n con ofertas y contribuciones variadas, sin participar directamente y personalmente, a la vida de la Organizaci\u00f3n.<br \/>\nLos socios tienen todos derechos iguales. Salvo la categor\u00eda particular de los Socios Partidarios, aquellos que no participan activamente y personalmente a la vida de la Organizaci\u00f3n, la previsi\u00f3n de diversas categor\u00edas de Socios es irrelevante al prop\u00f3sito de las obligaciones y de los derechos que a estos caben y competen y no influyen de ning\u00fan modo sobre la disciplina de la relaci\u00f3n asociativa que ser\u00e1 uniforme para todos os Socios, en particular para cuanto observa a las obligaciones de contribuci\u00f3n, al derecho de voto y a la elegibilidad de los cargos sociales.<\/p>\n<p>Todos los asociados que no hayan renunciado, son obligados a pagar la cuota anual.<br \/>\nART. 6 &#8211; El pedido de admisi\u00f3n deve ser apresentado, tr\u00e1mite el Secretario del Consejo Directivo de la Asociaci\u00f3n para la referente aceptaci\u00f3n y har\u00e1 la disposici\u00f3n de la fecha del dep\u00f3sito del pedido.<br \/>\nLa calidad del socio se pierde:<\/p>\n<p>\u2022 En caso de muerte;<br \/>\n\u2022 Retraso en el pago de las contribuciones asociativas, y sara declarada por el Consejo;<br \/>\n\u2022 Indignidad y\/o inmoralidad que vendr\u00e1 sancionada por parte de la Asamblea de los Socios;<br \/>\n\u2022 En caso de receso voluntario no comunicado por escrito. El receso ser\u00e1 eficaz transcurrido treinta d\u00edas desde la recepci\u00f3n de la ya mencionada comunicaci\u00f3n de la parte de la Organizaci\u00f3n.<br \/>\nEl socio es obligado a cancelar \u00edntegramente la cuota asociativa relativa al a\u00f1o solar corrente a la fecha en la cual el retiro entra en vigencia.<\/p>\n<p>ART. 7 Las cuotas asociativas son establecidas por el Consejo Directivo de la Organizaci\u00f3n propuestas por el Tesorero y son del mismo importo para todos los socios.<\/p>\n<p>ORGANOS SOCIAIS<br \/>\nART. 8 &#8211; Son \u00f3rganos de la Organizaci\u00f3n.<br \/>\n1. a) La Asamblea de los Socios;<br \/>\n2. b) El Consejo Directivo;<br \/>\n3. c) El Presidente;<br \/>\n4. d) El vicepresidente;<br \/>\n5. e) El Colegio de los Auditores;<br \/>\n6. f) El Colegio de los \u00c1rbitros;<br \/>\n7. g) El Tesorero;<br \/>\n8. h) El Secretario.<br \/>\nTodos los cargos sociales son gratuitos y decaden despu\u00e9s de tres a\u00f1os de la elecci\u00f3n o de la designaci\u00f3n.<\/p>\n<p>ASAMBLEA:<br \/>\nART. 9 &#8211; Los Asociados son convocados en asamblea por el Presidente del Consejo Directivo, o, en caso de su impedimento, por el vicepresidente o por un Consejero al menos una vuelta al a\u00f1o entre el 3 de marzo, por medio de comunicaci\u00f3n escrita, enviada directamente a cada uno de los socios, o por medio de publicaci\u00f3n en el registro de la Organizaci\u00f3n, en el aviso de convocaci\u00f3n que contiene el orden del d\u00eda, al meno ocho d\u00edas antes de la fecha fijada para la reuni\u00f3n. La asamblea puede ser convocada tambi\u00e9n por medio de pregunta motivada y firmada por al menos diez de los socios (en regla con el contributo social) a norma del art. 20 Codico Civil.<br \/>\nLa asamblea debe ser convocada en Italia, y tambi\u00e9n fuera de la sede social.<\/p>\n<p>ART. 10 &#8211; La asamblea delibera sobre los seguintes argumentos y materias:<br \/>\n\u2022 Presupuesto anual;<br \/>\n\u2022 Direcciones y directivas generales de la Organizaci\u00f3n;<br \/>\n\u2022 Nombramiento de los miembros del Consejo Directivo;<br \/>\n\u2022 Nombramiento de la Junta de \u00c1rbitros y Auditores;<br \/>\n\u2022 Nombramiento del Tesorero y Del Secretario;<br \/>\n\u2022 Cambios en el estatutos;<br \/>\n\u2022 Regulamento interno;<br \/>\n\u2022 Disoluci\u00f3n de la Organizaci\u00f3n y nombramiento de Liquidadores;<br \/>\n\u2022 Nombramiento de miembros honorarios;<br \/>\n\u2022 Todo lo que requiera la ley o el estatuto y perteneciente a la Organizaci\u00f3n.<\/p>\n<p>ART. 11 &#8211; Tienen derecho de intervenir a la Asamblea y tienen el derecho de voto todos los Socios al d\u00eda con el pago de la cuota anual de participaci\u00f3n.<\/p>\n<p>Cada socio mayoritario, cual sea la clase, tiene el derecho de voto para todas las deliberaciones de la Asamblea incluidos los que pertenecen a ella y los cambios del Estatuto y de los Reglamentos, y el nombramiento de los \u00f3rganos directivos de la Organizaci\u00f3n. Cada asociado puede hacerse representar por un otro asociado acordando que ning\u00fan asociado pueda recibir m\u00e1s de tres apoderados.<\/p>\n<p>ART. 12 &#8211; La Asamblea es presidida por l Presidente del Consejo Directivo, en caso de su ausencia por el Vicepresidente; en la ausencia de ambos la asamblea nombra el propio Presidente. El Presidente de la Asamblea nombra un Secretario y, se considera el caso, dos escrutadores. Depende del Presidente de la Asamblea de constatar el derecho de intervenci\u00f3n en la Asamblea. En las reuniones de asamblea se elabora proceso verbal firmado por el Presidente y por el Secretario y eventualmente por los escrutadores.<\/p>\n<p>ART. 13 &#8211; Las asambleas son v\u00e1lidamente constituidas en primera convocaci\u00f3n, con la presencia de al menos la mitad del n\u00famero total de los socios que tienen derecho a voto. Las deliberaciones se toman por mayor\u00eda absoluta de votantes, en las deliberaciones de aprobaci\u00f3n del presupuesto y de aquellos que se refieren a sus responsabilidades, los administradores no tienen derecho de voto.<br \/>\nPara los cambios del Estatuto ocorre la presencia de al menos dos tercios de los asociados y del voto favorable de la mayor\u00eda absoluta de los presidentes. Para deliberar la disoluci\u00f3n de la Organizaci\u00f3n asociativa y la devoluci\u00f3n del patrimonio ocorre el voto favorable de al menos tres cuartos de los asociados.<\/p>\n<p>CONSEJO DIRECTIVO<br \/>\nART. 14 &#8211; La Organizaci\u00f3n es administrada por un Consejo Directivo compuesto por un n\u00famero de Consejeros que var\u00edan de tres a siete miembros escogidos entre los Socios y elegidos por la Asamblea. En caso de renuncias o muerte de un Consejero, el Consejo en la primera reuni\u00f3n prevede su sustituci\u00f3n pidiendo para convalidar a la asamblea anual.<\/p>\n<p>ART. 15 &#8211; El Consejo nombra en el propio seno un Presidente, un Vicepresidente y un Secretario.<\/p>\n<p>ART. 16 &#8211; El Consejo se re\u00fane todas la veces que el Presidente lo considera necesario o cuando haya la convocaci\u00f3n de al menos dos de sus miembros y sin embargo para deliberar en orden al presupuesto anual y el valor de la cuota de participaci\u00f3n a la Organizaci\u00f3n asociativa.el Consejo es convocado con un preaviso de al menos 24 horas, por telegrama, telefax o correo electr\u00f3nico. Para la validad de la deliberaci\u00f3n ocorre la presencia efectiva de la mayor\u00eda de los miembros del Consejo y el voto favorable de la mayor\u00eda de los presentes; en caso de igualdad prevalece el voto de quien preside. El Consejo es preceduto por el Presidente, en su ausencia por el Vicepresidente; en la ausencia de ambos del m\u00e1s anciano en edad de los presentes.<\/p>\n<p>De las reuniones del Consejo ser\u00e1 redactado su libro especial, el relativo verbal, que vendr\u00e1 firmado por el Presidente y por el Secretario.<\/p>\n<p>ART. 17 &#8211; El Consejo est\u00e1 investida de las m\u00e1s amplias facultades para la gesti\u00f3n ordinaria y extraordinaria de la Organizaci\u00f3n, sin limitaciones, salvo las expresamente reservadas por el presente Estatuto a la Asamblea y al Presidente. En particular, procede a la preparaci\u00f3n anual de los estados financieros y a la preparaci\u00f3n para la Asamblea, el nombramiento de empleados y empleadas, determinando su remuneraci\u00f3n, compila el Reglamento para el funcionamiento de la Organizaci\u00f3n, cuyo cumplimiento es obligatorio para todos los miembros, establece la determinaci\u00f3n del monto de las cuotas m\u00ednimas de membres\u00eda que se pagar\u00e1n anualmente por cada categor\u00eda de miembros y la cantidad de cualquier contribuci\u00f3n puntual a pagar, as\u00ed como el per\u00edodo dentro del cual deben pagarse. El Consejo de Administraci\u00f3n puede delegar en uno o m\u00e1s Consejeros, tambi\u00e9n por separado, algunos de sus deberes o deberes.<\/p>\n<p>PRESIDENTE Y VICEPRESIDENTE<br \/>\nART. 18 &#8211; El Presidente, y en caso de impedimento, el Vicepresidente, representa legalmente a la organizaci\u00f3n frente a terceros y ante los tribunales, supervisa la ejecuci\u00f3n de las deliberaciones de la Asamblea y del Consejo; En casos urgentes, puede ejercer los poderes del Consejo, sujeto a la ratificaci\u00f3n de esta \u00faltima en la primera reuni\u00f3n. El Presidente tambi\u00e9n ejecuta los acuerdos del Consejo Directivo y ejerce los poderes que la Junta le delega en general o de vez en cuando, con el derecho de nombrar apoderados. En caso de impedimento, las funciones del Presidente ser\u00e1n llevadas a cabo por el Vicepresidente.<\/p>\n<p>COLEGIO DE LOS REVISORES<br \/>\nART. 19 &#8211; La gesti\u00f3n de la Organizaci\u00f3n est\u00e1 controlada por una Junta de Auditores que consta de tres miembros efectivos (entre los cuales se elige al Presidente) y dos miembros suplentes elegidos por la Asamblea de Accionistas tambi\u00e9n entre los que no son miembros.<br \/>\nCorresponde a los auditores asistir a las reuniones del Consejo de Administraci\u00f3n y la Asamblea; tambi\u00e9n deben determinar el mantenimiento regular de la contabilidad social, elaborar un informe sobre los estados financieros anuales, verificar la consistencia del efectivo y la existencia de los valores y t\u00edtulos de propiedad corporativa y pueden proceder en cualquier momento, incluso individualmente, a las inspecciones y control<br \/>\nLa Junta de Auditores permanece en el cargo por tres a\u00f1os y puede ser reelegida.<\/p>\n<p>COLEGIO DE LOS \u00c1RBITROS<br \/>\nART. 20 &#8211; Cualquier disputa que surja entre los miembros y la organizaci\u00f3n o sus \u00f3rganos estar\u00e1 sujeta, en todos los casos no prohibidos por la ley, a la jurisdicci\u00f3n de la Junta de \u00c1rbitros compuesta por tres miembros designados por la Asamblea. Los \u00e1rbitros est\u00e1n a cargo por cinco a\u00f1os, son reelegidos y juzgar\u00e1n ex bono et aequo sin formalidades procesales, su premio ser\u00e1 definitivo. El cargo de \u00e1rbitro es incompatible con cualquier otro cargo social.<\/p>\n<p>TESORERO<br \/>\nART. 21 &#8211; El Tesorero posee la caja registradora y elabora un informe sobre la gesti\u00f3n econ\u00f3mica de la Organizaci\u00f3n para presentarlo a la Asamblea. El Tesorero debe ser designado por la Asamblea y debe ser elegido entre los miembros.<\/p>\n<p>SECRETARIO<br \/>\nART. 22 &#8211; El Secretario proporciona, en colaboraci\u00f3n con el Presidente, la implementaci\u00f3n de las resoluciones del Consejo de Administraci\u00f3n. El Secretario tambi\u00e9n es responsable de mantener los libros provistos por el Estatuto, Libro de Asociados, Libro de la Junta de Directores, Libro de Asambleas. El Secretario tambi\u00e9n tiene la responsabilidad de la oficina registrada. El Secretario es elegido por la Asamblea.<\/p>\n<p>PATRIMONIO Y EJERCICIOS SOCIALES<br \/>\nART.23 &#8211; El patrimonio es constituido:<br \/>\n1. de bienes muebles e inmuebles que pasar\u00e1n a ser propiedad de la Organizaci\u00f3n;<br \/>\n2. de cualquier fondo de reserva creado con super\u00e1vit presupuestario;<br \/>\n3. de cualquier donaci\u00f3n, donaci\u00f3n y legado recibido en cualquier caso a la Organizaci\u00f3n. La organizaci\u00f3n de la asociaci\u00f3n extrae los recursos financieros de:<\/p>\n<p>1. a) los honorarios asociativos;<br \/>\n2. b) contribuciones, donaciones y oblaciones de personas, entidades o asociaciones p\u00fablicas o privadas;<br \/>\n3. c) el producto de la organizaci\u00f3n de eventos o participaciones en ellos;<br \/>\n4. d) cualquier otro ingreso que contribuya a aumentar los activos sociales, tales como: fondos recibidos como resultado de cobros p\u00fablicos ocasionales, incluso ofreciendo bienes de valor modesto;<br \/>\n5. e) contribuciones pagadas por las administraciones p\u00fablicas para la realizaci\u00f3n de actividades con un fin social.<\/p>\n<p>ART. 24 &#8211; El a\u00f1o financiero cierra al 31 de diciembre de cada a\u00f1o.<br \/>\nDentro de los siguientes noventa d\u00edas a partir de la finalizaci\u00f3n de cada ejercicio financiero, el Consejo de Administraci\u00f3n preparar\u00e1 los estados financieros para la preparaci\u00f3n del balance general al cierre del ejercicio y el mantenimiento de los registros contables, las disposiciones del art. 25 de los DLGS. n. 460 del 4 de diciembre de 1997. Est\u00e1 prohibido distribuir, incluso de forma indirecta, los beneficios o excedentes operativos, as\u00ed como los fondos, reservas o capital durante la vida de la Organizaci\u00f3n, a menos que el destino o la distribuci\u00f3n se imponga por ley o se lleve a cabo favor de otras organizaciones sin fines de lucro que por ley son parte de la misma estructura unificada. Los beneficios y los excedentes operativos deben utilizarse obligatoriamente para la realizaci\u00f3n de las actividades institucionales o aquellas directamente relacionadas con ellas.<\/p>\n<p>ACEPTACI\u00d3N DEL ESTATUTO<br \/>\nART. 25 &#8211; La adhesi\u00f3n de los miembros a la Organizaci\u00f3n implica la total aceptaci\u00f3n del presente Estatuto.<\/p>\n<p>CAMBIOS AL ESTATUTO<br \/>\nART. 26 &#8211; Las modificaciones al Estatuto son propuestas por el Consejo de Administraci\u00f3n o por al menos un d\u00e9cimo de los Accionistas y deben ser aprobadas por una Asamblea Extraordinaria de Accionistas convocada con al menos 60 (sesenta) d\u00edas de aviso: dentro de este plazo todos los llamados deben recibir una copia de las modificaciones propuestas.<\/p>\n<p>REGLAMENTOS EXTERNOS<br \/>\nART. 27 &#8211; El Consejo de Administraci\u00f3n tiene el derecho de establecer y eventualmente modificar los reglamentos que implementan el presente Estatuto.<\/p>\n<p>DISOLUCI\u00d3N<br \/>\nART. 28 &#8211; La duraci\u00f3n de la Organizaci\u00f3n es ilimitada. La Organizaci\u00f3n se disuelve por resoluci\u00f3n de la Asamblea de Accionistas o por un per\u00edodo prolongado de inactividad por m\u00e1s de dos a\u00f1os. La disoluci\u00f3n de la Organizaci\u00f3n es resuelta por la Asamblea de Accionistas, que designar\u00e1 a uno o m\u00e1s liquidadores y decidir\u00e1 la devoluci\u00f3n de los activos restantes: los activos deber\u00e1n ser transferidos, a indicaci\u00f3n de la Asamblea de Accionistas por parte de los liquidadores en favor de otros liquidadores. organizaciones sin fines de lucro de utilidad social o para fines de beneficio p\u00fablico, habiendo escuchado al organismo de control de conformidad con el art. 3 p\u00e1rrafo 190 de la ley de 23 de diciembre de 1996 n. 662, a menos que el destino diferente impuesto por la ley.<\/p>\n<p>[\/vc_column_text][\/vc_column][vc_column width=\u00bb1\/6&#8243;][\/vc_column][\/vc_row]<\/p>\n","protected":false},"excerpt":{"rendered":"<p>[vc_row][vc_column width=\u00bb1\/6&#8243;][\/vc_column][vc_column width=\u00bb2\/3&#8243;][vc_column_text]PREMISA AL STATUTO Los amigos que se reconocen en la espiritualidad \u201cVerzeriana\u201d constituyen una organizaci\u00f3n de mujeres y hombres que, para llegar a la finalidad agregativa, buscan inspirar y perseguir los siguientes \u201clineamientos\u201d de la Congregaci\u00f3n de las Hijas del Sagrado Coraz\u00f3n de Jes\u00fas, fundada en Bergamo en el a\u00f1o de 1831, por [&hellip;]<\/p>\n","protected":false},"author":11,"featured_media":0,"parent":1757,"menu_order":3,"comment_status":"closed","ping_status":"closed","template":"","meta":{"_monsterinsights_skip_tracking":false,"_monsterinsights_sitenote_active":false,"_monsterinsights_sitenote_note":"","_monsterinsights_sitenote_category":0,"footnotes":""},"_links":{"self":[{"href":"https:\/\/www.alamis-odv.com\/es\/wp-json\/wp\/v2\/pages\/1978"}],"collection":[{"href":"https:\/\/www.alamis-odv.com\/es\/wp-json\/wp\/v2\/pages"}],"about":[{"href":"https:\/\/www.alamis-odv.com\/es\/wp-json\/wp\/v2\/types\/page"}],"author":[{"embeddable":true,"href":"https:\/\/www.alamis-odv.com\/es\/wp-json\/wp\/v2\/users\/11"}],"replies":[{"embeddable":true,"href":"https:\/\/www.alamis-odv.com\/es\/wp-json\/wp\/v2\/comments?post=1978"}],"version-history":[{"count":6,"href":"https:\/\/www.alamis-odv.com\/es\/wp-json\/wp\/v2\/pages\/1978\/revisions"}],"predecessor-version":[{"id":3101,"href":"https:\/\/www.alamis-odv.com\/es\/wp-json\/wp\/v2\/pages\/1978\/revisions\/3101"}],"up":[{"embeddable":true,"href":"https:\/\/www.alamis-odv.com\/es\/wp-json\/wp\/v2\/pages\/1757"}],"wp:attachment":[{"href":"https:\/\/www.alamis-odv.com\/es\/wp-json\/wp\/v2\/media?parent=1978"}],"curies":[{"name":"wp","href":"https:\/\/api.w.org\/{rel}","templated":true}]}}