{"id":1973,"date":"2017-10-03T13:05:02","date_gmt":"2017-10-03T13:05:02","guid":{"rendered":"http:\/\/www.alamis-onlus.com\/?page_id=1973"},"modified":"2018-03-06T14:56:18","modified_gmt":"2018-03-06T14:56:18","slug":"attivita-onlus","status":"publish","type":"page","link":"https:\/\/www.alamis-odv.com\/es\/chi-siamo\/attivita-onlus\/","title":{"rendered":"Actividad"},"content":{"rendered":"<p>[vc_row 0=\u00bb\u00bb][vc_column offset=\u00bbvc_col-lg-offset-2 vc_col-lg-8 vc_col-md-offset-1 vc_col-md-10&#8243;][vc_column_text css_animation=\u00bbfadeIn\u00bb]<\/p>\n<h2 style=\"text-align: center;\">\u00ab<span style=\"font-weight: 400;\">Los ni\u00f1os son el futuro del mundo, empecemos con los ni\u00f1os<\/span>\u00ab<\/h2>\n<p>[\/vc_column_text][\/vc_column][\/vc_row][vc_row css=\u00bb.vc_custom_1498442365863{padding-top: 34px !important;}\u00bb][vc_column css_animation=\u00bbfadeInLeft\u00bb offset=\u00bbvc_col-lg-6 vc_col-md-6&#8243; css=\u00bb.vc_custom_1498442880864{margin-top: -39px !important;margin-bottom: 35px !important;}\u00bb][vc_column_text css_animation=\u00bbnone\u00bb css=\u00bb.vc_custom_1520347688995{margin-bottom: 20px !important;}\u00bb]<\/p>\n<h2><span style=\"font-weight: 400;\">Las Actividades\u00a0<\/span><\/h2>\n<p>[\/vc_column_text][vc_column_text 0=\u00bb\u00bb]<\/p>\n<article class=\"post-listing post post-6 page type-page status-publish has-post-thumbnail hentry\">\n<div class=\"post-inner\">\n<div class=\"entry\">\n<p>Las Actividades<br \/>\nEl Grupo Alamis, colabora con las HSCJ en los proyectos misioneros, en las adopciones a la distancia. En su programaci\u00f3n, entre otras iniciativas, considera tambi\u00e9n la posibilidad de enviar voluntarios a las realidades de misi\u00f3n de las Hijas del Sagrado Coraz\u00f3n de Jes\u00fas en el mundo.<\/p>\n<p>En el art 3 del estatuto dice:<br \/>\nLa Organizaci\u00f3n tiene la meta exclusiva de buscar finalidades de solidaridad civil, social y cultural: para llegar a ese objetivo desarrolla su propia actividad en el campo de la asistencia social y beneficencia, de modo muy especial con la contribuci\u00f3n en el progreso social, cultural, sanitario, econ\u00f3mico, en las zonas y para poblaciones en pa\u00edses en desarrollo. Estas finalidades se identifican con la b\u00fasqueda de vivir la perfecta caridad y de ser signo del amor salv\u00edfico de Cristo.<\/p>\n<\/div>\n<\/div>\n<\/article>\n<p>[\/vc_column_text][vc_column_text 0=\u00bb\u00bb][\/vc_column_text][\/vc_column][vc_column css_animation=\u00bbfadeInRight\u00bb offset=\u00bbvc_col-lg-6 vc_col-md-6&#8243;][vc_images_carousel images=\u00bb1052,1055,1056,1057,1058&#8243; img_size=\u00bb555&#215;420&#8243; onclick=\u00bblink_no\u00bb autoplay=\u00bbyes\u00bb wrap=\u00bbyes\u00bb css_animation=\u00bbnone\u00bb][\/vc_column][\/vc_row][vc_row][vc_column][vc_column_text]Para lograr los objetivos preestablecidos los asociados se proponen:<\/p>\n<p>a. A colaborar con entidades p\u00fablicas y privadas, nacionales e internacionales que tengan objetivos semejantes;<br \/>\nb. A recoger fondos materiales para destinar a las poblaciones m\u00e1s necesitadas;<br \/>\nc. A identificar las urgencias, desarrollar proyectos adecuados (alfabetizaci\u00f3n y escuelas), orientar y perfeccionar pr\u00e1cticas necesarias para obtener reconocidos financiamientos junto a instituciones nacionales e internacionales adecuadas, junto a poblaciones necesitadas, intervenciones de promoci\u00f3n.<br \/>\nd. A promover el servicio voluntario, con la relativa formaci\u00f3n del personal, y de otras posibilidades de prestaci\u00f3n de servicio \u201cin loco\u201d con tiempo determinado o indeterminado o aunque como servicio civil;<br \/>\ne. A organizar eventuales visitas a los socios en las zonas de actividades para una mejor participaci\u00f3n;<br \/>\nf. A colaborar con institutos universitarios, con escuelas de especializaciones, con sociedades cient\u00edficas y m\u00e9dicas a fin de sensibilizar y preparar personas disponibles a realizar un servicio de cooperaci\u00f3n;<br \/>\ng. A promover otras actividades que puedan concurrir para alcanzar la meta de la organizaci\u00f3n, expandir el conocimiento para ampliar la participaci\u00f3n.<\/p>\n<p>Esa obra de modo espec\u00edfico, con prestaci\u00f3n no ocasional de voluntariado activo y directo voltado a la totalidad de la poblaci\u00f3n. All\u00ed los adeptos prestan su servicio de modo personal, espont\u00e1neo y gratuito y no tienen derecho a alguna compensaci\u00f3n por lo servicio prestado senon por la restituci\u00f3n de las compras efectivamente realizadas en los l\u00edmites de lo stabilito por la misma Organizaci\u00f3n o por la ley.<\/p>\n<p>La Organizaci\u00f3n asociativa es pol\u00edtica.<br \/>\nALGUNAS ACTIVIDADES PREVISTAS para los CORSOS DE VACACIONES de las HSCJ<\/p>\n<p>La duraci\u00f3n puede ser: corta &#8211; mediana &#8211; larga<\/p>\n<p>\u2022 Scuola de corte y costura<br \/>\n\u2022 Auxiliar de maestras de alfabetizaci\u00f3n (nivel elementar)<br \/>\n\u2022 Auxiliar en el corso de pre alfabetizaci\u00f3n (actividades cognitivas, recreaciones, manualidades, l\u00fadicas, etc\u2026 para ninos de 3-7 anos)<br \/>\n\u2022 Acompa\u00f1ante de personas mayores (actividades b\u00e1sicas de enfermer\u00eda)<br \/>\n\u2022 Visitas y asistencia domiciliar de algunos enfermos, personas mayores, enfermos mentales, etc\u2026<br \/>\n\u2022 Experiencia con discapacitados adultos<br \/>\n\u2022 Experiencia con ni\u00f1os discapacitados<br \/>\n\u2022 Recreaci\u00f3n con ni\u00f1os de la calle<br \/>\n\u2022 Animaci\u00f3n musical en peque\u00f1os grupos en las iglesias, en la misi\u00f3n o por la calle<br \/>\n\u2022 Ayuda en la actividades catequ\u00e9ticas en la parroquia o por las calles<br \/>\n\u2022 Colaboraci\u00f3n en las actividades teatrales en las calles<br \/>\n\u2022 Entretenimiento l\u00fadico en espacios cerrados o abiertos<br \/>\n\u2022 Distribuci\u00f3n de v\u00edveres<br \/>\n\u2022 Distribuci\u00f3n de ropas<br \/>\n\u2022 Ayuda en las actividades de artesan\u00eda<br \/>\n\u2022 Peque\u00f1os trabajos de restauraci\u00f3n en la misi\u00f3n (pintura, alba\u00f1il, instalaci\u00f3n el\u00e9ctrica y de agua&#8230;)<br \/>\n\u2022 Peque\u00f1os trabajos de arreglo en las viviendas de los m\u00e1s pobres<br \/>\n\u2022 Actividades de cocina<br \/>\n\u2022 Trabajos en la huerta<br \/>\n\u2022 Ayuda en el gallinero<br \/>\n\u2022 Ayuda en la casa (cocina, a lavar, etc).<\/p>\n<p>&nbsp;<\/p>\n<p>[\/vc_column_text][vc_column_text]<\/p>\n<article class=\"post-listing post post-6 page type-page status-publish has-post-thumbnail hentry\">\n<div class=\"post-inner\">\n<div class=\"entry\">\n<h3>L\u2019Organizzazione associativa \u00e8 apolitica.<\/h3>\n<p><strong>ALCUNE ATTIVITA\u2019 PREVISTE per i\u00a0<\/strong><strong>CAMPI ESTIVI MISSIONI ESTERE delle FSCJ<\/strong><\/p>\n<p>La durata pu\u00f2 essere: breve \u2013 media \u2013 lunga<\/p>\n<ul>\n<li>Scuola di taglio e cucito<\/li>\n<li>Aiuto nei corsi di alfabetizzazione (livello elementare)<\/li>\n<li>Aiuto nei corsi di pre alfabetizazione (attivit\u00e0 cognitive, ricreative, manuali, ludiche, ecc\u2026, per bambini di 3-7 anni)<\/li>\n<li>Aiuto nel dispensario (piccole attivit\u00e0 infermieristiche e di assistenza ai malati)<\/li>\n<li>Visita e aiuto nell\u2019assistenza domiciliare di alcuni infermi, anziani soli, malati di mente, ecc..<\/li>\n<li>Esperienza con disabili adulti<\/li>\n<li>Esperienza con disabili bambini<\/li>\n<li>Animazione ai bambini di strada<\/li>\n<li>Animazione musicale nei piccoli gruppi in chiesa, nella missione o per strada<\/li>\n<li>Aiuto nelle attivit\u00e0 di catechesi in parrocchia o per strada<br \/>\npiccola collaborazione nelle attivit\u00e0 teatrali di strada<\/li>\n<li>Intrattenimento ludico in spazi chiusi o all\u2019aperto<\/li>\n<li>Distribuzione dei viveri<\/li>\n<li>Distribuzione degli indumenti<\/li>\n<li>Aiuto nelle attivit\u00e0 artigianali<\/li>\n<li>Piccoli lavori di restauro nella missione (pittura, impianto elettrico o idraulico, muratura, piccola falegnameria, e bricolage in genere)<\/li>\n<li>Piccoli lavori di restauro nelle abitazioni dei poveri<\/li>\n<li>Piccole attivit\u00e0 di cucina<\/li>\n<li>Piccoli lavori nell\u2019orto<\/li>\n<li>Aiuto nel pollaio<\/li>\n<li>Aiuto in casa (cucina, lavanderia, ecc..)<\/li>\n<\/ul>\n<\/div>\n<\/div>\n<\/article>\n<p>[\/vc_column_text][\/vc_column][\/vc_row]<\/p>\n","protected":false},"excerpt":{"rendered":"<p>[vc_row 0=\u00bb\u00bb][vc_column offset=\u00bbvc_col-lg-offset-2 vc_col-lg-8 vc_col-md-offset-1 vc_col-md-10&#8243;][vc_column_text css_animation=\u00bbfadeIn\u00bb] \u00abLos ni\u00f1os son el futuro del mundo, empecemos con los ni\u00f1os\u00ab [\/vc_column_text][\/vc_column][\/vc_row][vc_row css=\u00bb.vc_custom_1498442365863{padding-top: 34px !important;}\u00bb][vc_column css_animation=\u00bbfadeInLeft\u00bb offset=\u00bbvc_col-lg-6 vc_col-md-6&#8243; css=\u00bb.vc_custom_1498442880864{margin-top: -39px !important;margin-bottom: 35px !important;}\u00bb][vc_column_text css_animation=\u00bbnone\u00bb css=\u00bb.vc_custom_1520347688995{margin-bottom: 20px !important;}\u00bb] Las Actividades\u00a0 [\/vc_column_text][vc_column_text 0=\u00bb\u00bb] Las Actividades El Grupo Alamis, colabora con las HSCJ en los proyectos misioneros, en las adopciones a [&hellip;]<\/p>\n","protected":false},"author":11,"featured_media":0,"parent":1757,"menu_order":2,"comment_status":"closed","ping_status":"closed","template":"","meta":{"_monsterinsights_skip_tracking":false,"_monsterinsights_sitenote_active":false,"_monsterinsights_sitenote_note":"","_monsterinsights_sitenote_category":0,"footnotes":""},"_links":{"self":[{"href":"https:\/\/www.alamis-odv.com\/es\/wp-json\/wp\/v2\/pages\/1973"}],"collection":[{"href":"https:\/\/www.alamis-odv.com\/es\/wp-json\/wp\/v2\/pages"}],"about":[{"href":"https:\/\/www.alamis-odv.com\/es\/wp-json\/wp\/v2\/types\/page"}],"author":[{"embeddable":true,"href":"https:\/\/www.alamis-odv.com\/es\/wp-json\/wp\/v2\/users\/11"}],"replies":[{"embeddable":true,"href":"https:\/\/www.alamis-odv.com\/es\/wp-json\/wp\/v2\/comments?post=1973"}],"version-history":[{"count":7,"href":"https:\/\/www.alamis-odv.com\/es\/wp-json\/wp\/v2\/pages\/1973\/revisions"}],"predecessor-version":[{"id":3030,"href":"https:\/\/www.alamis-odv.com\/es\/wp-json\/wp\/v2\/pages\/1973\/revisions\/3030"}],"up":[{"embeddable":true,"href":"https:\/\/www.alamis-odv.com\/es\/wp-json\/wp\/v2\/pages\/1757"}],"wp:attachment":[{"href":"https:\/\/www.alamis-odv.com\/es\/wp-json\/wp\/v2\/media?parent=1973"}],"curies":[{"name":"wp","href":"https:\/\/api.w.org\/{rel}","templated":true}]}}